{"id":605,"date":"2023-11-06T13:35:36","date_gmt":"2023-11-06T18:35:36","guid":{"rendered":"https:\/\/www.informatiqueyanlarocque.com\/?page_id=605"},"modified":"2023-11-06T13:39:02","modified_gmt":"2023-11-06T18:39:02","slug":"politique-de-cookies","status":"publish","type":"page","link":"https:\/\/informatiqueyanlarocque.com\/?page_id=605","title":{"rendered":"Politique de Cookies"},"content":{"rendered":"\n<p>Derni\u00e8re mise \u00e0 jour : 2023-11-06<\/p>\n\n\n\n<p>La compagnie Informatique Yan Larocque, utilise des cookies sur notre site web www.informatiqueyanlarocque.com. En utilisant le site web, vous consentez \u00e0 l&rsquo;utilisation de cookies conform\u00e9ment \u00e0 cette politique.<\/p>\n\n\n\n<h4 class=\"wp-block-heading\"><strong>1. Qu&rsquo;est-ce qu&rsquo;un cookie ?<\/strong><\/h4>\n\n\n\n<p>Un cookie est un petit fichier texte qui est stock\u00e9 sur votre ordinateur ou appareil mobile lorsque vous visitez un site web. Il permet au site web de reconna\u00eetre votre appareil et de m\u00e9moriser des informations sur vos pr\u00e9f\u00e9rences ou votre navigation ant\u00e9rieure.<\/p>\n\n\n\n<h4 class=\"wp-block-heading\"><strong>2. Types de cookies que nous utilisons<\/strong><\/h4>\n\n\n\n<p>Nous utilisons les types de cookies suivants sur notre site web :<\/p>\n\n\n\n<ul class=\"wp-block-list\">\n<li>Cookies essentiels : Ces cookies sont indispensables pour le fonctionnement de notre site web. Ils vous permettent de naviguer sur le site et d&rsquo;utiliser ses fonctionnalit\u00e9s de base.<\/li>\n\n\n\n<li>Cookies de performance : Ces cookies collectent des informations sur la mani\u00e8re dont les visiteurs utilisent notre site web, notamment les pages qu&rsquo;ils consultent le plus fr\u00e9quemment et s&rsquo;ils rencontrent des messages d&rsquo;erreur. Ces cookies nous aident \u00e0 am\u00e9liorer le fonctionnement de notre site web.<\/li>\n\n\n\n<li>Cookies de fonctionnalit\u00e9 : Ces cookies permettent \u00e0 notre site web de se souvenir de vos choix et de personnaliser votre exp\u00e9rience. Par exemple, ils peuvent se souvenir de votre nom d&rsquo;utilisateur, de votre langue pr\u00e9f\u00e9r\u00e9e, ou de la r\u00e9gion dans laquelle vous vous trouvez.<\/li>\n\n\n\n<li>Cookies de ciblage ou de publicit\u00e9 : Ces cookies sont utilis\u00e9s pour diffuser des publicit\u00e9s plus pertinentes pour vous et vos int\u00e9r\u00eats. Ils peuvent \u00e9galement \u00eatre utilis\u00e9s pour limiter le nombre de fois que vous voyez une publicit\u00e9 et pour mesurer l&rsquo;efficacit\u00e9 d&rsquo;une campagne publicitaire.<\/li>\n<\/ul>\n\n\n\n<h4 class=\"wp-block-heading\"><strong>3. G\u00e9rer les cookies<\/strong><\/h4>\n\n\n\n<p>Vous pouvez g\u00e9rer vos pr\u00e9f\u00e9rences en mati\u00e8re de cookies en modifiant les param\u00e8tres de votre navigateur. Cependant, veuillez noter que la d\u00e9sactivation de certains cookies peut affecter la fonctionnalit\u00e9 de notre site web.<\/p>\n\n\n\n<h4 class=\"wp-block-heading\"><strong>4. Cookies tiers<\/strong><\/h4>\n\n\n\n<p>Nous pouvons autoriser des tiers \u00e0 placer des cookies sur notre site web pour les finalit\u00e9s d\u00e9crites ci-dessus. Ces cookies sont soumis aux politiques de confidentialit\u00e9 de ces tiers. Nous n&rsquo;avons pas le contr\u00f4le sur les cookies tiers et nous ne sommes pas responsables de leur utilisation.<\/p>\n\n\n\n<h4 class=\"wp-block-heading\"><strong>5. Modifications de la politique de cookies<\/strong><\/h4>\n\n\n\n<p>Nous pouvons mettre \u00e0 jour cette politique de cookies \u00e0 tout moment. La version la plus r\u00e9cente sera toujours disponible sur notre site web.<\/p>\n\n\n\n<h4 class=\"wp-block-heading has-black-color has-text-color\"><strong>6. Nous contacter<\/strong><\/h4>\n\n\n\n<p>Si vous avez des questions ou des pr\u00e9occupations concernant notre politique de cookies, veuillez nous contacter \u00e0 l&rsquo;adresse suivante :<\/p>\n\n\n\n<p><strong><em>Par la poste :<\/em><\/strong><br>1485 Boulevard des Acadiens, B\u00e9cancour (Qu\u00e9bec) \u00a0 G9H 1L9<br><\/p>\n\n\n\n<p><strong><em>Par t\u00e9l\u00e9phone :<\/em><\/strong><br>819-383-9818<br><br><strong><em>Par courriel \u00e9lectronique :<\/em><\/strong><br><a href=\"mailto:info@informatiqueyanlarocque.com\">info@informatiqueyanlarocque.com<\/a><\/p>\n","protected":false},"excerpt":{"rendered":"<p>Derni\u00e8re mise \u00e0 jour : 2023-11-06 La compagnie Informatique Yan Larocque, utilise des cookies sur notre site web www.informatiqueyanlarocque.com. En utilisant le site web, vous consentez<span class=\"excerpt-hellip\"> [\u2026]<\/span><\/p>\n","protected":false},"author":4,"featured_media":0,"parent":0,"menu_order":0,"comment_status":"closed","ping_status":"closed","template":"","meta":{"content-type":"","footnotes":""},"class_list":["post-605","page","type-page","status-publish","hentry"],"_links":{"self":[{"href":"https:\/\/informatiqueyanlarocque.com\/index.php?rest_route=\/wp\/v2\/pages\/605","targetHints":{"allow":["GET"]}}],"collection":[{"href":"https:\/\/informatiqueyanlarocque.com\/index.php?rest_route=\/wp\/v2\/pages"}],"about":[{"href":"https:\/\/informatiqueyanlarocque.com\/index.php?rest_route=\/wp\/v2\/types\/page"}],"author":[{"embeddable":true,"href":"https:\/\/informatiqueyanlarocque.com\/index.php?rest_route=\/wp\/v2\/users\/4"}],"replies":[{"embeddable":true,"href":"https:\/\/informatiqueyanlarocque.com\/index.php?rest_route=%2Fwp%2Fv2%2Fcomments&post=605"}],"version-history":[{"count":3,"href":"https:\/\/informatiqueyanlarocque.com\/index.php?rest_route=\/wp\/v2\/pages\/605\/revisions"}],"predecessor-version":[{"id":611,"href":"https:\/\/informatiqueyanlarocque.com\/index.php?rest_route=\/wp\/v2\/pages\/605\/revisions\/611"}],"wp:attachment":[{"href":"https:\/\/informatiqueyanlarocque.com\/index.php?rest_route=%2Fwp%2Fv2%2Fmedia&parent=605"}],"curies":[{"name":"wp","href":"https:\/\/api.w.org\/{rel}","templated":true}]}}