{"id":784,"date":"2025-02-12T10:42:33","date_gmt":"2025-02-12T15:42:33","guid":{"rendered":"https:\/\/www.informatiqueyanlarocque.com\/?page_id=784"},"modified":"2025-05-07T21:02:54","modified_gmt":"2025-05-07T21:02:54","slug":"bebuilder-784","status":"publish","type":"page","link":"https:\/\/informatiqueyanlarocque.com\/?page_id=784","title":{"rendered":"T\u00e9l\u00e9phone Recondition\u00e9"},"content":{"rendered":"","protected":false},"excerpt":{"rendered":"","protected":false},"author":4,"featured_media":0,"parent":0,"menu_order":0,"comment_status":"closed","ping_status":"closed","template":"","meta":{"content-type":"","footnotes":""},"class_list":["post-784","page","type-page","status-publish","hentry"],"_links":{"self":[{"href":"https:\/\/informatiqueyanlarocque.com\/index.php?rest_route=\/wp\/v2\/pages\/784","targetHints":{"allow":["GET"]}}],"collection":[{"href":"https:\/\/informatiqueyanlarocque.com\/index.php?rest_route=\/wp\/v2\/pages"}],"about":[{"href":"https:\/\/informatiqueyanlarocque.com\/index.php?rest_route=\/wp\/v2\/types\/page"}],"author":[{"embeddable":true,"href":"https:\/\/informatiqueyanlarocque.com\/index.php?rest_route=\/wp\/v2\/users\/4"}],"replies":[{"embeddable":true,"href":"https:\/\/informatiqueyanlarocque.com\/index.php?rest_route=%2Fwp%2Fv2%2Fcomments&post=784"}],"version-history":[{"count":2,"href":"https:\/\/informatiqueyanlarocque.com\/index.php?rest_route=\/wp\/v2\/pages\/784\/revisions"}],"predecessor-version":[{"id":786,"href":"https:\/\/informatiqueyanlarocque.com\/index.php?rest_route=\/wp\/v2\/pages\/784\/revisions\/786"}],"wp:attachment":[{"href":"https:\/\/informatiqueyanlarocque.com\/index.php?rest_route=%2Fwp%2Fv2%2Fmedia&parent=784"}],"curies":[{"name":"wp","href":"https:\/\/api.w.org\/{rel}","templated":true}]}}